{"id":2522,"date":"2025-04-09T09:27:06","date_gmt":"2025-04-09T09:27:06","guid":{"rendered":"https:\/\/regnardtechnologie.pre-prod.ocean-communication.com\/rechtliche-hinweise\/"},"modified":"2025-09-23T09:50:27","modified_gmt":"2025-09-23T09:50:27","slug":"rechtliche-hinweise","status":"publish","type":"page","link":"https:\/\/regnardtechnologie.pre-prod.ocean-communication.com\/de\/rechtliche-hinweise\/","title":{"rendered":"Rechtliche Hinweise"},"content":{"rendered":"\t\t<div data-elementor-type=\"wp-page\" data-elementor-id=\"2522\" class=\"elementor elementor-2522 elementor-322\" data-elementor-post-type=\"page\">\n\t\t\t\t<div class=\"elementor-element elementor-element-33fc691 e-flex e-con-boxed e-con e-parent\" data-id=\"33fc691\" data-element_type=\"container\" data-settings=\"{&quot;background_background&quot;:&quot;classic&quot;}\">\n\t\t\t\t\t<div class=\"e-con-inner\">\n\t\t\t\t<div class=\"elementor-element elementor-element-67e963a elementor-widget elementor-widget-heading\" data-id=\"67e963a\" data-element_type=\"widget\" data-widget_type=\"heading.default\">\n\t\t\t\t<div class=\"elementor-widget-container\">\n\t\t\t\t\t<h2 class=\"elementor-heading-title elementor-size-default\">Rechtliche Hinweise<\/h2>\t\t\t\t<\/div>\n\t\t\t\t<\/div>\n\t\t\t\t\t<\/div>\n\t\t\t\t<\/div>\n\t\t<div class=\"elementor-element elementor-element-a96671a e-flex e-con-boxed e-con e-parent\" data-id=\"a96671a\" data-element_type=\"container\">\n\t\t\t\t\t<div class=\"e-con-inner\">\n\t\t\t\t<div class=\"elementor-element elementor-element-0881617 elementor-widget elementor-widget-text-editor\" data-id=\"0881617\" data-element_type=\"widget\" data-widget_type=\"text-editor.default\">\n\t\t\t\t<div class=\"elementor-widget-container\">\n\t\t\t\t\t\t\t\t\t<h4>1. Vorstellung der Website.<\/h4><p>Gem\u00e4\u00df Artikel 6 des Gesetzes Nr. 2004-575 vom 21. Juni 2004 \u00fcber das Vertrauen in die digitale Wirtschaft wird den Nutzern der Website https:\/\/regnardtechnologie.com\/ die Identit\u00e4t der verschiedenen Akteure im Rahmen der Realisierung und \u00dcberwachung der Website mitgeteilt:<\/p><p><strong>Eigent\u00fcmer<\/strong>: Julie FLORIN REGNARD, Loic REGNARD und Patrice REGNARD &#8211; REGNARD TECHNOLOGIES &#8211; SAS &#8211; 41216060800011 &#8211; REGNARD TECHNOLOGIES, 9 LE HANOY 27250 RUGLES <br><strong>Designer<\/strong>: <a href=\"https:\/\/ocean-communication.com\">Ocean Communication<\/a> &#8211; info@ocean-communication.fr<br><strong>Verantwortlich f\u00fcr die Ver\u00f6ffentlichung<\/strong>: Julie FLORIN REGNARD <br>Der Verantwortliche f\u00fcr die Ver\u00f6ffentlichung ist eine nat\u00fcrliche Person.<br><strong>Webmaster<\/strong>: Ocean Communication &#8211; info@ocean-communication.fr<br><strong>Hosting<\/strong>: OVH &#8211; 2 rue Kellermann &#8211; 59100 Roubaix &#8211; Frankreich<\/p><h4>2. Allgemeine Bedingungen f\u00fcr die Nutzung der Website und der angebotenen Dienstleistungen.<\/h4><p>Die Nutzung der Website https:\/\/regnardtechnologie.fr\/ setzt die vollst\u00e4ndige und uneingeschr\u00e4nkte Annahme der nachstehend beschriebenen allgemeinen Nutzungsbedingungen voraus. Diese Nutzungsbedingungen k\u00f6nnen jederzeit ge\u00e4ndert oder erg\u00e4nzt werden. Die Nutzer von https:\/\/regnardtechnologie.fr\/ werden daher gebeten, sie regelm\u00e4\u00dfig zu konsultieren. <\/p><p>Diese Website ist normalerweise jederzeit f\u00fcr die Nutzer zug\u00e4nglich. Julie FLORIN REGNARD &#8211; REGNARD TECHNOLOGIES kann jedoch eine Unterbrechung aufgrund technischer Wartungsarbeiten beschlie\u00dfen und wird dann versuchen, die Nutzer vorab \u00fcber die Daten und Zeiten des Eingriffs zu informieren. <\/p><p>Die Website https:\/\/regnardtechnologie.fr\/ wird regelm\u00e4\u00dfig von Julie FLORIN REGNARD aktualisiert. Auch die rechtlichen Hinweise k\u00f6nnen jederzeit ge\u00e4ndert werden, sind jedoch f\u00fcr den Nutzer verbindlich. <\/p><h4>3. Beschreibung der erbrachten Dienstleistungen.<\/h4><p>Die Website https:\/\/regnardtechnologie.fr\/ dient der Bereitstellung von Informationen \u00fcber die Aktivit\u00e4ten des Unternehmens.<\/p><p>Julie FLORIN REGNARD &#8211; REGNARD TECHNOLOGIES bem\u00fcht sich, auf der Website https:\/\/regnardtechnologie.fr\/ m\u00f6glichst genaue Informationen zur Verf\u00fcgung zu stellen. Sie kann jedoch nicht f\u00fcr Auslassungen, Ungenauigkeiten und M\u00e4ngel in der Aktualisierung haftbar gemacht werden, sei es durch sie selbst oder durch dritte Partner, die ihr diese Informationen zur Verf\u00fcgung stellen. <\/p><p>Alle Informationen auf der Website https:\/\/regnardtechnologie.fr\/ sind unverbindlich und k\u00f6nnen sich \u00e4ndern. Die Informationen auf der Website https:\/\/regnardtechnologie.fr\/ sind nicht ersch\u00f6pfend. Sie werden vorbehaltlich der seit ihrer Ver\u00f6ffentlichung vorgenommenen \u00c4nderungen bereitgestellt.  <\/p><h4>4. Vertragliche Beschr\u00e4nkungen der technischen Daten.<\/h4><p>Die Website verwendet die JavaScript-Technologie.<\/p><p>Die Website haftet nicht f\u00fcr materielle Sch\u00e4den, die mit der Nutzung der Website verbunden sind. Dar\u00fcber hinaus verpflichtet sich der Nutzer der Website, die Website mit neuer Hardware aufzurufen, die keine Viren enth\u00e4lt und mit einem Browser der neuesten Generation, der auf dem neuesten Stand ist. <\/p><h4>5. Geistiges Eigentum und F\u00e4lschungen.<\/h4><p>Julie FLORIN REGNARD &#8211; REGNARD TECHNOLOGIES ist Eigent\u00fcmerin der geistigen Eigentumsrechte oder besitzt die Nutzungsrechte f\u00fcr alle auf der Website zug\u00e4nglichen Elemente, insbesondere Texte, Bilder, Grafiken, Logos, Symbole, T\u00f6ne, Software.<\/p><p>Die Vervielf\u00e4ltigung, Darstellung, \u00c4nderung, Ver\u00f6ffentlichung und Anpassung aller oder eines Teils der Elemente der Website, unabh\u00e4ngig von den verwendeten Mitteln oder Verfahren, ist untersagt, es sei denn, es liegt eine vorherige schriftliche Genehmigung von : Julie FLORIN REGNARD &#8211; REGNARD TECHNOLOGIES.<\/p><p>Jede nicht genehmigte Nutzung der Website oder eines ihrer Elemente wird als F\u00e4lschung angesehen und gem\u00e4\u00df den Bestimmungen der Artikel L.335-2 ff. des Gesetzes \u00fcber geistiges Eigentum verfolgt.<\/p><h4>6. Haftungsbeschr\u00e4nkungen.<\/h4><p>Julie FLORIN REGNARD &#8211; REGNARD TECHNOLOGIES haftet nicht f\u00fcr direkte und indirekte Sch\u00e4den an der Ausr\u00fcstung des Nutzers beim Zugriff auf https:\/\/regnardtechnologie.fr\/, die entweder durch die Nutzung von Ausr\u00fcstung, die nicht den in Punkt 4 angegebenen Spezifikationen entspricht, oder durch das Auftreten eines Bugs oder einer Inkompatibilit\u00e4t verursacht werden.<\/p><p>Julie FLORIN REGNARD &#8211; REGNARD TECHNOLOGIES haftet nicht f\u00fcr indirekte Sch\u00e4den (wie z.B. Marktverlust oder Verlust einer Chance), die durch die Nutzung der Website https:\/\/regnardtechnologie.fr\/ entstehen.<\/p><p>Interaktive Bereiche (M\u00f6glichkeit, Fragen im Kontaktbereich zu stellen) stehen den Nutzern zur Verf\u00fcgung. Julie FLORIN REGNARD &#8211; REGNARD TECHNOLOGIES beh\u00e4lt sich das Recht vor, ohne vorherige Ank\u00fcndigung jeden Inhalt in diesem Bereich zu entfernen, der gegen die in Frankreich geltenden Gesetze und insbesondere gegen die Datenschutzbestimmungen verst\u00f6\u00dft. Gegebenenfalls beh\u00e4lt sich Julie FLORIN REGNARD &#8211; REGNARD TECHNOLOGIES auch die M\u00f6glichkeit vor, den Nutzer zivil- und\/oder strafrechtlich zu belangen, insbesondere im Falle von rassistischen, beleidigenden, diffamierenden oder pornografischen Mitteilungen, unabh\u00e4ngig von dem verwendeten Medium (Text, Fotografie&#8230;).  <\/p><h4>7. Verwaltung der pers\u00f6nlichen Daten.<\/h4><p>In Frankreich sind pers\u00f6nliche Daten insbesondere durch das Gesetz Nr. 78-87 vom 6. Januar 1978, das Gesetz Nr. 2004-801 vom 6. August 2004, Artikel L. 226-13 des Strafgesetzbuches und die Europ\u00e4ische Richtlinie vom 24. Oktober 1995 gesch\u00fctzt.<\/p><p>Bei der Nutzung der Website https:\/\/regnardtechnologie.fr\/ k\u00f6nnen folgende Daten erfasst werden: die URL der Links, \u00fcber die der Nutzer auf die Website https:\/\/regnardtechnologie.fr\/ gelangte, der Zugangsanbieter des Nutzers, die Internetprotokoll-Adresse (IP) des Nutzers.<\/p><p>In jedem Fall sammelt Julie FLORIN REGNARD &#8211; REGNARD TECHNOLOGIES pers\u00f6nliche Informationen \u00fcber den Nutzer nur f\u00fcr die Zwecke bestimmter Dienstleistungen, die auf der Website https:\/\/regnardtechnologie.fr\/ angeboten werden. Der Nutzer stellt diese Informationen in voller Kenntnis der Sachlage zur Verf\u00fcgung, insbesondere wenn er sie selbst eingibt. Der Nutzer von https:\/\/regnardtechnologie.fr\/ wird dann dar\u00fcber informiert, ob er diese Informationen zur Verf\u00fcgung stellen muss oder nicht. <\/p><p>Gem\u00e4\u00df Artikel 38 ff. des Gesetzes 78-17 vom 6. Januar 1978 \u00fcber Informatik, Dateien und Freiheiten hat jeder Nutzer das Recht auf Zugang, Berichtigung und Einspruch gegen ihn betreffende pers\u00f6nliche Daten, indem er einen schriftlichen und unterschriebenen Antrag stellt, dem eine Kopie des Personalausweises mit Unterschrift des Inhabers des Dokuments beiliegt.<\/p><p>Keine pers\u00f6nlichen Informationen des Nutzers der Website https:\/\/regnardtechnologie.fr\/ werden ohne das Wissen des Nutzers ver\u00f6ffentlicht, ausgetauscht, \u00fcbertragen, abgetreten oder auf irgendeinem Datentr\u00e4ger an Dritte verkauft. Nur wenn Julie FLORIN REGNARD &#8211; REGNARD TECHNOLOGIES und ihre Rechte \u00fcbernommen werden, k\u00f6nnen die Informationen an einen eventuellen Erwerber weitergegeben werden, der seinerseits die gleiche Verpflichtung zur Aufbewahrung und \u00c4nderung der Daten gegen\u00fcber dem Nutzer der Website https:\/\/regnardtechnologie.fr\/ hat. <\/p><p>Die Website ist nicht bei der CNIL angemeldet, da sie keine pers\u00f6nlichen Informationen sammelt. .<\/p><p>Die Datenbanken sind durch die Bestimmungen des Gesetzes vom 1. Juli 1998 zur Umsetzung der Richtlinie 96\/9 vom 11. M\u00e4rz 1996 \u00fcber den rechtlichen Schutz von Datenbanken gesch\u00fctzt.<\/p><h4>8. Hyperlinks und Cookies.<\/h4><p>Die Website https:\/\/regnardtechnologie.fr\/ enth\u00e4lt eine Reihe von Hyperlinks zu anderen Websites, die mit der Genehmigung von Julie FLORIN REGNARD &#8211; REGNARD TECHNOLOGIES eingerichtet wurden. Julie FLORIN REGNARD &#8211; REGNARD TECHNOLOGIES hat jedoch nicht die M\u00f6glichkeit, den Inhalt der besuchten Seiten zu \u00fcberpr\u00fcfen und \u00fcbernimmt dementsprechend keine Verantwortung f\u00fcr diese. <\/p><p>Das Surfen auf der Website https:\/\/regnardtechnologie.fr\/ kann dazu f\u00fchren, dass auf dem Computer des Nutzers ein Cookie(s) installiert wird. Ein Cookie ist eine kleine Datei, die keine Identifizierung des Nutzers erm\u00f6glicht, aber Informationen \u00fcber die Navigation eines Computers auf einer Website speichert. Die so erhaltenen Daten sollen die sp\u00e4tere Navigation auf der Website erleichtern und dienen auch dazu, verschiedene Messungen der Besucherzahlen zu erm\u00f6glichen.  <\/p><p>Die Verweigerung der Installation eines Cookies kann dazu f\u00fchren, dass Sie auf bestimmte Dienste nicht zugreifen k\u00f6nnen. Der Nutzer kann jedoch seinen Computer wie folgt konfigurieren, um die Installation von Cookies abzulehnen: <\/p><p>Im Internet Explorer: Registerkarte Extras (Zahnrad-Piktogramm oben rechts) \/ Internetoptionen. Klicken Sie auf Datenschutz und w\u00e4hlen Sie Alle Cookies blockieren. Best\u00e4tigen Sie mit Ok.  <\/p><p>Firefox: Klicken Sie oben im Browserfenster auf die Firefox-Schaltfl\u00e4che und gehen Sie dann auf die Registerkarte Optionen. Klicken Sie auf die Registerkarte Datenschutz. Stellen Sie die Aufbewahrungsregeln auf &#8222;Benutzerdefinierte Einstellungen f\u00fcr den Verlauf verwenden&#8220; ein. Entfernen Sie schlie\u00dflich das H\u00e4kchen, um die Cookies zu deaktivieren.   <\/p><p>Safari: Klicken Sie oben rechts im Browser auf das Men\u00fc-Piktogramm (symbolisiert durch ein Zahnrad). W\u00e4hlen Sie Einstellungen. Klicken Sie auf Erweiterte Einstellungen anzeigen. Klicken Sie im Abschnitt &#8222;Datenschutz&#8220; auf Inhaltseinstellungen. Im Abschnitt &#8222;Cookies&#8220; k\u00f6nnen Sie Cookies blockieren.    <\/p><p>Chrome: Klicken Sie oben rechts im Browser auf das Men\u00fc-Piktogramm (symbolisiert durch drei horizontale Linien). W\u00e4hlen Sie Einstellungen. Klicken Sie auf Erweiterte Einstellungen anzeigen. Klicken Sie im Abschnitt &#8222;Datenschutz&#8220; auf Einstellungen. Auf der Registerkarte &#8222;Datenschutz&#8220; k\u00f6nnen Sie Cookies blockieren.    <\/p><h4>9. Anwendbares Recht und Gerichtsbarkeit.<\/h4><p>Alle Streitigkeiten im Zusammenhang mit der Nutzung der Website https:\/\/regnardtechnologie.fr\/ unterliegen dem franz\u00f6sischen Recht. Die ausschlie\u00dfliche Zust\u00e4ndigkeit liegt bei den zust\u00e4ndigen Gerichten in Paris. <\/p><h4>10. Die wichtigsten betroffenen Gesetze.<\/h4><p>Gesetz Nr. 78-17 vom 6. Januar 1978, insbesondere ge\u00e4ndert durch das Gesetz Nr. 2004-801 vom 6. August 2004 \u00fcber Informatik, Dateien und Freiheiten.<\/p><p>Gesetz Nr. 2004-575 vom 21. Juni 2004 \u00fcber das Vertrauen in die digitale Wirtschaft.<\/p><h4>11. Lexikon.<\/h4><p>Benutzer: Internetnutzer, der sich einloggt und die oben genannte Website nutzt.<\/p><p>Pers\u00f6nliche Informationen: &#8222;Informationen, die in jedweder Form, direkt oder indirekt, die Identifizierung der nat\u00fcrlichen Personen erm\u00f6glichen, auf die sie sich beziehen&#8220; (Artikel 4 des Gesetzes Nr. 78-17 vom 6. Januar 1978).<\/p>\t\t\t\t\t\t\t\t<\/div>\n\t\t\t\t<\/div>\n\t\t\t\t\t<\/div>\n\t\t\t\t<\/div>\n\t\t\t\t<\/div>\n\t\t","protected":false},"excerpt":{"rendered":"<p>Rechtliche Hinweise 1. Vorstellung der Website. Gem\u00e4\u00df Artikel 6 des Gesetzes Nr. 2004-575 vom 21. Juni 2004 \u00fcber das Vertrauen in die digitale Wirtschaft wird den Nutzern der Website https:\/\/regnardtechnologie.com\/ die Identit\u00e4t der verschiedenen Akteure im Rahmen der Realisierung und \u00dcberwachung der Website mitgeteilt: Eigent\u00fcmer: Julie FLORIN REGNARD, Loic REGNARD und Patrice REGNARD &#8211; REGNARD [&hellip;]<\/p>\n","protected":false},"author":1,"featured_media":0,"parent":0,"menu_order":0,"comment_status":"closed","ping_status":"closed","template":"elementor_header_footer","meta":{"footnotes":""},"class_list":["post-2522","page","type-page","status-publish","hentry"],"_links":{"self":[{"href":"https:\/\/regnardtechnologie.pre-prod.ocean-communication.com\/de\/wp-json\/wp\/v2\/pages\/2522","targetHints":{"allow":["GET"]}}],"collection":[{"href":"https:\/\/regnardtechnologie.pre-prod.ocean-communication.com\/de\/wp-json\/wp\/v2\/pages"}],"about":[{"href":"https:\/\/regnardtechnologie.pre-prod.ocean-communication.com\/de\/wp-json\/wp\/v2\/types\/page"}],"author":[{"embeddable":true,"href":"https:\/\/regnardtechnologie.pre-prod.ocean-communication.com\/de\/wp-json\/wp\/v2\/users\/1"}],"replies":[{"embeddable":true,"href":"https:\/\/regnardtechnologie.pre-prod.ocean-communication.com\/de\/wp-json\/wp\/v2\/comments?post=2522"}],"version-history":[{"count":3,"href":"https:\/\/regnardtechnologie.pre-prod.ocean-communication.com\/de\/wp-json\/wp\/v2\/pages\/2522\/revisions"}],"predecessor-version":[{"id":2531,"href":"https:\/\/regnardtechnologie.pre-prod.ocean-communication.com\/de\/wp-json\/wp\/v2\/pages\/2522\/revisions\/2531"}],"wp:attachment":[{"href":"https:\/\/regnardtechnologie.pre-prod.ocean-communication.com\/de\/wp-json\/wp\/v2\/media?parent=2522"}],"curies":[{"name":"wp","href":"https:\/\/api.w.org\/{rel}","templated":true}]}}